{"id":91,"date":"2024-07-26T10:31:20","date_gmt":"2024-07-26T13:31:20","guid":{"rendered":"https:\/\/fernandofernandes.com.br\/loja\/?post_type=product&#038;p=91"},"modified":"2024-11-01T14:15:56","modified_gmt":"2024-11-01T17:15:56","slug":"silk-styling","status":"publish","type":"product","link":"https:\/\/studiofernandofernandes.com.br\/loja\/produto\/silk-styling\/","title":{"rendered":"Silk Styling"},"content":{"rendered":"<p>Modelagem e defini\u00e7\u00e3o de cachos<br \/>\nTira o arrepiado dos fios<br \/>\nBrilho natural<br \/>\nRedu\u00e7\u00e3o de volume<br \/>\nPara todos os tipos de cabelo.<\/p>\n<p>\u2014<\/p>\n<p>Modele e defina seus cachos com precis\u00e3o. A tecnologia <strong>SILK STYLING<\/strong> domina o frizz e deixa seus fios lisos e brilhantes. Ideal para todos os tipos de cabelo, essa f\u00f3rmula revolucion\u00e1ria reduz o volume e proporciona um acabamento natural e suave.\u00a0Experimente o poder do cuidado profissional em casa e conquiste a cabeleira dos seus sonhos com <strong>SILK STYLING<\/strong>.<\/p>\n<p>\u2014<\/p>\n<p>Obtenha cachos deslumbrantes com a <strong>SILK STYLING<\/strong>. Essa f\u00f3rmula inovadora modela e define seus cachos, eliminando o aspecto arrepiado e proporcionando um brilho natural. Diga adeus ao excesso de volume e prepare-se para uma jornada de cabelos sedosos e macios. Funciona em todos os tipos de cabelo, do mais fino ao mais grosso. Experimente e perceba a diferen\u00e7a.<\/p>\n<p>Este produto foi cuidadosamente desenvolvido pelo expert <strong>FERNANDO FERNANDES<\/strong> para proporcionar uma modelagem vers\u00e1til aos fios, aspecto natural e textura de seda. Sua composi\u00e7\u00e3o promove brilho e sedosidade aos cabelos. Do sal\u00e3o para sua casa: produto profissional ao seu alcance.<\/p>\n<p>\u2014<br \/>\n<strong>INDICADO PARA TODOS OS TIPOS DE CABELO<\/strong>.<\/p>\n<p>\u2014<\/p>\n<p><strong>Modo de Usar:<\/strong> Espalhe das pontas em dire\u00e7\u00e3o \u00e0 raiz, distribuindo bem em todo cabelo.<\/p>\n","protected":false},"excerpt":{"rendered":"<p>Modelagem e defini\u00e7\u00e3o de cachos Tira o arrepiado dos fios Brilho natural Redu\u00e7\u00e3o de volume Para todos os tipos de cabelo. \u2014 Modele e defina seus cachos com precis\u00e3o. A tecnologia SILK STYLING domina o frizz e deixa seus fios lisos e brilhantes. Ideal para todos os tipos de cabelo, essa f\u00f3rmula revolucion\u00e1ria reduz o [&hellip;]<\/p>\n","protected":false},"featured_media":338,"comment_status":"open","ping_status":"closed","template":"","meta":[],"product_brand":[],"product_cat":[18],"product_tag":[],"class_list":{"0":"post-91","1":"product","2":"type-product","3":"status-publish","4":"has-post-thumbnail","6":"product_cat-finalizadores","8":"first","9":"instock","10":"sale","11":"shipping-taxable","12":"purchasable","13":"product-type-simple"},"_links":{"self":[{"href":"https:\/\/studiofernandofernandes.com.br\/loja\/wp-json\/wp\/v2\/product\/91","targetHints":{"allow":["GET"]}}],"collection":[{"href":"https:\/\/studiofernandofernandes.com.br\/loja\/wp-json\/wp\/v2\/product"}],"about":[{"href":"https:\/\/studiofernandofernandes.com.br\/loja\/wp-json\/wp\/v2\/types\/product"}],"replies":[{"embeddable":true,"href":"https:\/\/studiofernandofernandes.com.br\/loja\/wp-json\/wp\/v2\/comments?post=91"}],"wp:featuredmedia":[{"embeddable":true,"href":"https:\/\/studiofernandofernandes.com.br\/loja\/wp-json\/wp\/v2\/media\/338"}],"wp:attachment":[{"href":"https:\/\/studiofernandofernandes.com.br\/loja\/wp-json\/wp\/v2\/media?parent=91"}],"wp:term":[{"taxonomy":"product_brand","embeddable":true,"href":"https:\/\/studiofernandofernandes.com.br\/loja\/wp-json\/wp\/v2\/product_brand?post=91"},{"taxonomy":"product_cat","embeddable":true,"href":"https:\/\/studiofernandofernandes.com.br\/loja\/wp-json\/wp\/v2\/product_cat?post=91"},{"taxonomy":"product_tag","embeddable":true,"href":"https:\/\/studiofernandofernandes.com.br\/loja\/wp-json\/wp\/v2\/product_tag?post=91"}],"curies":[{"name":"wp","href":"https:\/\/api.w.org\/{rel}","templated":true}]}}