{"id":89,"date":"2024-07-26T10:26:20","date_gmt":"2024-07-26T13:26:20","guid":{"rendered":"https:\/\/fernandofernandes.com.br\/loja\/?post_type=product&#038;p=89"},"modified":"2024-11-25T09:45:58","modified_gmt":"2024-11-25T12:45:58","slug":"intense-mask","status":"publish","type":"product","link":"https:\/\/studiofernandofernandes.com.br\/loja\/produto\/intense-mask\/","title":{"rendered":"Intense Mask"},"content":{"rendered":"<p style=\"margin: 0cm; margin-bottom: .0001pt;\"><b><span style=\"font-size: 14.0pt; font-family: 'Arial','sans-serif';\">INTENSE MASK<br \/>\n<\/span><\/b><\/p>\n<p style=\"margin: 0cm; margin-bottom: .0001pt;\"><span style=\"font-size: 14.0pt; font-family: 'Arial','sans-serif';\">RESTAURA\u00c7\u00c3O INTENSIVA<\/span><\/p>\n<p style=\"margin: 0cm; margin-bottom: .0001pt;\"><span style=\"font-size: 14.0pt; font-family: 'Arial','sans-serif';\">PARA CABELOS FR\u00c1GEIS E DANIFICADOS<\/span><\/p>\n<p style=\"margin: 0cm; margin-bottom: .0001pt; text-align: justify; text-justify: inter-ideograph;\"><span style=\"font-size: 14.0pt; font-family: 'Arial','sans-serif';\">Para todos os tipos de cabelo<\/span><\/p>\n<p dir=\"auto\" data-pm-slice=\"1 1 []\">F\u00f3rmula potente que restaura a sa\u00fade dos seus cabelos fragilizados e danificados. A M\u00e1scara INTENSE MASK fornece uma hidrata\u00e7\u00e3o profunda, nutrindo cada fio em busca de uma cabeleira forte, sedosa e brilhante.<\/p>\n<p dir=\"auto\">Seja qual for o seu tipo de cabelo, esta m\u00e1scara intensiva vai transform\u00e1-lo, trazendo de volta a vitalidade e o aspecto saud\u00e1vel que voc\u00ea tanto deseja. Experimente e sinta a diferen\u00e7a ap\u00f3s apenas uma aplica\u00e7\u00e3o.<\/p>\n<p dir=\"auto\">\u2014<\/p>\n<p dir=\"auto\">Restaure a intensidade dos seus cabelos com a m\u00e1scara INTENSE MASK. Sua f\u00f3rmula hidratante penetra profundamente, nutrindo e revigorando os fios mais fragilizados e danificados. Adequada para todos os tipos de cabelo, essa m\u00e1scara rejuvenesce e fortalece, deixando sua juba sedosa e radiante. N\u00e3o perca mais tempo com cabelos opacos e sem vida &#8211; adote INTENSE MASK e experimente a transforma\u00e7\u00e3o.<\/p>\n<p style=\"margin: 0cm; margin-bottom: .0001pt; text-align: justify; text-justify: inter-ideograph;\"><span style=\"font-size: 14.0pt; font-family: 'Arial','sans-serif';\">&#8211;<\/span>Este produto foi cuidadosamente desenvolvido pelo expert FERNANDO FERNANDES. Formulado com uma combinac\u0327a\u0303o de \u00a0\u00f3leos que proporcionam sau\u0301de e brilho aos cabelos. Agentes condicionantes inovadores penetram na fibra capilar auxiliando na repara\u00e7\u00e3o das a\u0301reas enfraquecidas. Reduz o frizz, aumenta a elasticidade, nutric\u0327a\u0303o e hidratac\u0327a\u0303o dos fios. Do sala\u0303o para sua casa: tratamento profissional ao seu alcance. INDICADO PARA TODOS OS TIPOS DE CABELO.<\/p>\n<p><strong>Modo de Usar:<\/strong> Lave os cabelos e retire o excesso de a\u0301gua com uma toalha. Divida os cabelos em mechas e aplique a m\u00e1scara \u00a0massageando-as suavemente. Deixe agir por 15 minutos e enxague abundantemente.<\/p>\n<p style=\"margin: 0cm; margin-bottom: .0001pt; text-align: justify; text-justify: inter-ideograph;\"><span style=\"font-size: 14.0pt; font-family: 'Arial','sans-serif';\">\u00a0<\/span><\/p>\n","protected":false},"excerpt":{"rendered":"<p>INTENSE MASK RESTAURA\u00c7\u00c3O INTENSIVA PARA CABELOS FR\u00c1GEIS E DANIFICADOS Para todos os tipos de cabelo F\u00f3rmula potente que restaura a sa\u00fade dos seus cabelos fragilizados e danificados. A M\u00e1scara INTENSE MASK fornece uma hidrata\u00e7\u00e3o profunda, nutrindo cada fio em busca de uma cabeleira forte, sedosa e brilhante. Seja qual for o seu tipo de cabelo, [&hellip;]<\/p>\n","protected":false},"featured_media":90,"comment_status":"open","ping_status":"closed","template":"","meta":[],"product_brand":[],"product_cat":[20],"product_tag":[],"class_list":{"0":"post-89","1":"product","2":"type-product","3":"status-publish","4":"has-post-thumbnail","6":"product_cat-hidratacao","8":"first","9":"instock","10":"sale","11":"shipping-taxable","12":"purchasable","13":"product-type-simple"},"_links":{"self":[{"href":"https:\/\/studiofernandofernandes.com.br\/loja\/wp-json\/wp\/v2\/product\/89","targetHints":{"allow":["GET"]}}],"collection":[{"href":"https:\/\/studiofernandofernandes.com.br\/loja\/wp-json\/wp\/v2\/product"}],"about":[{"href":"https:\/\/studiofernandofernandes.com.br\/loja\/wp-json\/wp\/v2\/types\/product"}],"replies":[{"embeddable":true,"href":"https:\/\/studiofernandofernandes.com.br\/loja\/wp-json\/wp\/v2\/comments?post=89"}],"wp:featuredmedia":[{"embeddable":true,"href":"https:\/\/studiofernandofernandes.com.br\/loja\/wp-json\/wp\/v2\/media\/90"}],"wp:attachment":[{"href":"https:\/\/studiofernandofernandes.com.br\/loja\/wp-json\/wp\/v2\/media?parent=89"}],"wp:term":[{"taxonomy":"product_brand","embeddable":true,"href":"https:\/\/studiofernandofernandes.com.br\/loja\/wp-json\/wp\/v2\/product_brand?post=89"},{"taxonomy":"product_cat","embeddable":true,"href":"https:\/\/studiofernandofernandes.com.br\/loja\/wp-json\/wp\/v2\/product_cat?post=89"},{"taxonomy":"product_tag","embeddable":true,"href":"https:\/\/studiofernandofernandes.com.br\/loja\/wp-json\/wp\/v2\/product_tag?post=89"}],"curies":[{"name":"wp","href":"https:\/\/api.w.org\/{rel}","templated":true}]}}