{"id":87,"date":"2024-07-26T10:22:16","date_gmt":"2024-07-26T13:22:16","guid":{"rendered":"https:\/\/fernandofernandes.com.br\/loja\/?post_type=product&#038;p=87"},"modified":"2025-03-27T08:28:34","modified_gmt":"2025-03-27T11:28:34","slug":"condicionador-ff","status":"publish","type":"product","link":"https:\/\/studiofernandofernandes.com.br\/loja\/produto\/condicionador-ff\/","title":{"rendered":"Condicionador FF"},"content":{"rendered":"<p style=\"margin: 0cm; margin-bottom: .0001pt;\"><span style=\"font-size: 14.0pt; font-family: 'Arial','sans-serif';\">Conditioner Argan + R\u00edcino<br \/>\n<\/span><span style=\"font-size: 14.0pt; font-family: 'Arial','sans-serif';\">ARGAN+R\u00cdCINO<\/span><\/p>\n<p style=\"margin: 0cm; margin-bottom: .0001pt;\"><span style=\"font-size: 14.0pt; font-family: 'Arial','sans-serif';\">Nutri\u00e7\u00e3o + Hidrata\u00e7\u00e3o + Brilho<\/span><\/p>\n<p style=\"margin: 0cm; margin-bottom: .0001pt; text-align: justify; text-justify: inter-ideograph;\"><strong><span style=\"font-size: 14.0pt; font-family: 'Arial','sans-serif';\">Para todos os tipos de cabelo ( For all hair types )<br \/>\n<\/span><\/strong><\/p>\n<p style=\"margin: 0cm; margin-bottom: .0001pt; text-align: justify; text-justify: inter-ideograph;\"><span style=\"font-size: 14.0pt; font-family: 'Arial','sans-serif';\"><br \/>\n<\/span>\u2014<\/p>\n<p dir=\"auto\" data-pm-slice=\"1 1 []\">Nutra e hidrata profundamente com o poder da combina\u00e7\u00e3o exclusiva de \u00f3leo de argan e \u00f3leo de r\u00edcino. Seus cabelos ficar\u00e3o incrivelmente macios, sedosos e com um brilho radiante. Adequado para todos os tipos de cabelo, do mais fino ao mais grosso. Transforme seus fios em uma cascata de beleza com este condicionador de alto desempenho.<\/p>\n<p>Este produto foi cuidadosamente desenvolvido pelo expert <strong>FERNANDO FERNANDES<\/strong>. Com ativos naturais e tecnolo\u0301gicos, o condicionador oferece resultados excepcionais para os seus cabelos. Formulado com o\u0301leos de argan e ri\u0301cino que proporcionam sau\u0301de, maciez e brilho aos cabelos. Do sala\u0303o para sua casa: tratamento profissional ao seu alcance. <strong>INDICADO PARA TODOS OS TIPOS DE CABELO.<\/strong><\/p>\n<p><strong>Modo de Usar:<\/strong> Apo\u0301s a retirada do shampoo, aplique o produto na palma das ma\u0303os e espalhe massageando suavemente por todo cabelo. Enxague retirando todo o produto.<\/p>\n<p><strong>\u00a0<\/strong><\/p>\n","protected":false},"excerpt":{"rendered":"<p>Conditioner Argan + R\u00edcino ARGAN+R\u00cdCINO Nutri\u00e7\u00e3o + Hidrata\u00e7\u00e3o + Brilho Para todos os tipos de cabelo ( For all hair types ) \u2014 Nutra e hidrata profundamente com o poder da combina\u00e7\u00e3o exclusiva de \u00f3leo de argan e \u00f3leo de r\u00edcino. Seus cabelos ficar\u00e3o incrivelmente macios, sedosos e com um brilho radiante. Adequado para todos [&hellip;]<\/p>\n","protected":false},"featured_media":333,"comment_status":"open","ping_status":"closed","template":"","meta":[],"product_brand":[],"product_cat":[16],"product_tag":[],"class_list":{"0":"post-87","1":"product","2":"type-product","3":"status-publish","4":"has-post-thumbnail","6":"product_cat-sem-categoria","8":"first","9":"instock","10":"sale","11":"shipping-taxable","12":"purchasable","13":"product-type-simple"},"_links":{"self":[{"href":"https:\/\/studiofernandofernandes.com.br\/loja\/wp-json\/wp\/v2\/product\/87","targetHints":{"allow":["GET"]}}],"collection":[{"href":"https:\/\/studiofernandofernandes.com.br\/loja\/wp-json\/wp\/v2\/product"}],"about":[{"href":"https:\/\/studiofernandofernandes.com.br\/loja\/wp-json\/wp\/v2\/types\/product"}],"replies":[{"embeddable":true,"href":"https:\/\/studiofernandofernandes.com.br\/loja\/wp-json\/wp\/v2\/comments?post=87"}],"wp:featuredmedia":[{"embeddable":true,"href":"https:\/\/studiofernandofernandes.com.br\/loja\/wp-json\/wp\/v2\/media\/333"}],"wp:attachment":[{"href":"https:\/\/studiofernandofernandes.com.br\/loja\/wp-json\/wp\/v2\/media?parent=87"}],"wp:term":[{"taxonomy":"product_brand","embeddable":true,"href":"https:\/\/studiofernandofernandes.com.br\/loja\/wp-json\/wp\/v2\/product_brand?post=87"},{"taxonomy":"product_cat","embeddable":true,"href":"https:\/\/studiofernandofernandes.com.br\/loja\/wp-json\/wp\/v2\/product_cat?post=87"},{"taxonomy":"product_tag","embeddable":true,"href":"https:\/\/studiofernandofernandes.com.br\/loja\/wp-json\/wp\/v2\/product_tag?post=87"}],"curies":[{"name":"wp","href":"https:\/\/api.w.org\/{rel}","templated":true}]}}