{"id":85,"date":"2024-07-26T10:19:26","date_gmt":"2024-07-26T13:19:26","guid":{"rendered":"https:\/\/fernandofernandes.com.br\/loja\/?post_type=product&#038;p=85"},"modified":"2025-03-27T08:29:18","modified_gmt":"2025-03-27T11:29:18","slug":"perfect-leave-in","status":"publish","type":"product","link":"https:\/\/studiofernandofernandes.com.br\/loja\/produto\/perfect-leave-in\/","title":{"rendered":"Perfect Leave-in"},"content":{"rendered":"<p style=\"margin: 0cm; margin-bottom: .0001pt;\"><span style=\"font-size: 14.0pt; font-family: 'Arial','sans-serif';\">FINALIZADOR SEM ENXAGUE<\/span><\/p>\n<p style=\"margin: 0cm; margin-bottom: .0001pt;\"><span style=\"font-size: 14.0pt; font-family: 'Arial','sans-serif';\">ARGAN+R\u00cdCINO<\/span><\/p>\n<p style=\"margin: 0cm; margin-bottom: .0001pt;\"><span style=\"font-size: 14.0pt; font-family: 'Arial','sans-serif';\">NUTRI\u00c7\u00c3O \/ HIDRATA\u00c7\u00c3O \/ BRILHO<\/span><\/p>\n<p style=\"margin: 0cm; margin-bottom: .0001pt; text-align: justify; text-justify: inter-ideograph;\"><span style=\"font-size: 14.0pt; font-family: 'Arial','sans-serif';\">Para todos os tipos de cabelo<\/span><\/p>\n<p style=\"margin: 0cm; margin-bottom: .0001pt; text-align: justify; text-justify: inter-ideograph;\"><span style=\"font-size: 14.0pt; font-family: 'Arial','sans-serif';\">For all hair types<\/span><\/p>\n<p>Sua jornada para cabelos perfeitos come\u00e7a aqui. O PERFECT LEAVE-IN \u00e9 o finalizador que seu cabelo precisa.<br \/>\nInfundido com o poder da Argan e do R\u00edcino, este produto nutre, hidrata e revela um brilho deslumbrante, sem deixar res\u00edduos.<br \/>\nIndependente do seu tipo de cabelo, o PERFECT LEAVE-IN adapta-se perfeitamente, transformando os fios e deixando-os sedosos e macios.\u00a0Experimente e conquiste a cabeleira que sempre desejou, com apenas alguns toques deste incr\u00edvel leave-in.<\/p>\n<p>-Este produto foi cuidadosamente desenvolvido pelo expert FERNANDO FERNANDES especialmente para os cabelos fragilizados por processos qui\u0301micos ou agentes da natureza como sol e vento. Conte\u0301m em sua fo\u0301rmula \u00f3leos de argan e r\u00edcino. Condiciona hidrata e nutre ao mesmo tempo, dando ao cabelo brilho e maciez. Do sala\u0303o para sua casa: tratamento profissional ao seu alcance. INDICADO PARA TODOS OS TIPOS DE CABELO.<\/p>\n<p><strong>Modo de Usar:<\/strong> Aplique o produto nos cabelos umedecidos e distribua uniformemente. N\u00e3o \u00e9 necess\u00e1rio enxaguar.<\/p>\n","protected":false},"excerpt":{"rendered":"<p>FINALIZADOR SEM ENXAGUE ARGAN+R\u00cdCINO NUTRI\u00c7\u00c3O \/ HIDRATA\u00c7\u00c3O \/ BRILHO Para todos os tipos de cabelo For all hair types Sua jornada para cabelos perfeitos come\u00e7a aqui. O PERFECT LEAVE-IN \u00e9 o finalizador que seu cabelo precisa. Infundido com o poder da Argan e do R\u00edcino, este produto nutre, hidrata e revela um brilho deslumbrante, sem [&hellip;]<\/p>\n","protected":false},"featured_media":335,"comment_status":"open","ping_status":"closed","template":"","meta":[],"product_brand":[],"product_cat":[19],"product_tag":[],"class_list":{"0":"post-85","1":"product","2":"type-product","3":"status-publish","4":"has-post-thumbnail","6":"product_cat-leave-in","8":"first","9":"instock","10":"sale","11":"shipping-taxable","12":"purchasable","13":"product-type-simple"},"_links":{"self":[{"href":"https:\/\/studiofernandofernandes.com.br\/loja\/wp-json\/wp\/v2\/product\/85","targetHints":{"allow":["GET"]}}],"collection":[{"href":"https:\/\/studiofernandofernandes.com.br\/loja\/wp-json\/wp\/v2\/product"}],"about":[{"href":"https:\/\/studiofernandofernandes.com.br\/loja\/wp-json\/wp\/v2\/types\/product"}],"replies":[{"embeddable":true,"href":"https:\/\/studiofernandofernandes.com.br\/loja\/wp-json\/wp\/v2\/comments?post=85"}],"wp:featuredmedia":[{"embeddable":true,"href":"https:\/\/studiofernandofernandes.com.br\/loja\/wp-json\/wp\/v2\/media\/335"}],"wp:attachment":[{"href":"https:\/\/studiofernandofernandes.com.br\/loja\/wp-json\/wp\/v2\/media?parent=85"}],"wp:term":[{"taxonomy":"product_brand","embeddable":true,"href":"https:\/\/studiofernandofernandes.com.br\/loja\/wp-json\/wp\/v2\/product_brand?post=85"},{"taxonomy":"product_cat","embeddable":true,"href":"https:\/\/studiofernandofernandes.com.br\/loja\/wp-json\/wp\/v2\/product_cat?post=85"},{"taxonomy":"product_tag","embeddable":true,"href":"https:\/\/studiofernandofernandes.com.br\/loja\/wp-json\/wp\/v2\/product_tag?post=85"}],"curies":[{"name":"wp","href":"https:\/\/api.w.org\/{rel}","templated":true}]}}