{"id":80,"date":"2024-07-26T10:07:29","date_gmt":"2024-07-26T13:07:29","guid":{"rendered":"https:\/\/fernandofernandes.com.br\/loja\/?post_type=product&#038;p=80"},"modified":"2024-11-01T14:11:43","modified_gmt":"2024-11-01T17:11:43","slug":"oleo-argan-ricino","status":"publish","type":"product","link":"https:\/\/studiofernandofernandes.com.br\/loja\/produto\/oleo-argan-ricino\/","title":{"rendered":"\u00d3leo Argan &#038; R\u00edcino"},"content":{"rendered":"<p>ARGAN &amp; R\u00cdCINO<br \/>\n<strong>REPARADOR DE PONTAS<\/strong><br \/>\nPara todos os tipos de cabelo<\/p>\n<p>\u00d3leo Argan &amp; R\u00edcino &#8211; O cuidado que seu cabelo merece<\/p>\n<p>Enriquecido com os poderosos \u00f3leos de Argan e R\u00edcino, este \u00f3leo multifuncional nutre, repara e revitaliza seus fios de forma eficaz. Ideal para todos os tipos de cabelo, ele penetra profundamente na fibra capilar, devolvendo maciez, brilho e vitalidade.<\/p>\n<p>Seus cachos e madeixas ficar\u00e3o mais saud\u00e1veis e com uma apar\u00eancia rejuvenescida. Adeus pontas duplas, ol\u00e1 cabelos radiantes e sedosos. Conven\u00e7a-se dos benef\u00edcios deste incr\u00edvel \u00f3leo reparador.<\/p>\n<p>Modo de usar: Aplicar algumas gotas nas palmas da m\u00e3os e espalhar no cabelo antes da <strong>M\u00e1scara e do Leave-in<\/strong>, sem enx\u00e1gue.<\/p>\n","protected":false},"excerpt":{"rendered":"<p>ARGAN &amp; R\u00cdCINO REPARADOR DE PONTAS Para todos os tipos de cabelo \u00d3leo Argan &amp; R\u00edcino &#8211; O cuidado que seu cabelo merece Enriquecido com os poderosos \u00f3leos de Argan e R\u00edcino, este \u00f3leo multifuncional nutre, repara e revitaliza seus fios de forma eficaz. Ideal para todos os tipos de cabelo, ele penetra profundamente na [&hellip;]<\/p>\n","protected":false},"featured_media":332,"comment_status":"open","ping_status":"closed","template":"","meta":[],"product_brand":[],"product_cat":[18],"product_tag":[],"class_list":{"0":"post-80","1":"product","2":"type-product","3":"status-publish","4":"has-post-thumbnail","6":"product_cat-finalizadores","8":"first","9":"instock","10":"sale","11":"shipping-taxable","12":"purchasable","13":"product-type-simple"},"_links":{"self":[{"href":"https:\/\/studiofernandofernandes.com.br\/loja\/wp-json\/wp\/v2\/product\/80","targetHints":{"allow":["GET"]}}],"collection":[{"href":"https:\/\/studiofernandofernandes.com.br\/loja\/wp-json\/wp\/v2\/product"}],"about":[{"href":"https:\/\/studiofernandofernandes.com.br\/loja\/wp-json\/wp\/v2\/types\/product"}],"replies":[{"embeddable":true,"href":"https:\/\/studiofernandofernandes.com.br\/loja\/wp-json\/wp\/v2\/comments?post=80"}],"wp:featuredmedia":[{"embeddable":true,"href":"https:\/\/studiofernandofernandes.com.br\/loja\/wp-json\/wp\/v2\/media\/332"}],"wp:attachment":[{"href":"https:\/\/studiofernandofernandes.com.br\/loja\/wp-json\/wp\/v2\/media?parent=80"}],"wp:term":[{"taxonomy":"product_brand","embeddable":true,"href":"https:\/\/studiofernandofernandes.com.br\/loja\/wp-json\/wp\/v2\/product_brand?post=80"},{"taxonomy":"product_cat","embeddable":true,"href":"https:\/\/studiofernandofernandes.com.br\/loja\/wp-json\/wp\/v2\/product_cat?post=80"},{"taxonomy":"product_tag","embeddable":true,"href":"https:\/\/studiofernandofernandes.com.br\/loja\/wp-json\/wp\/v2\/product_tag?post=80"}],"curies":[{"name":"wp","href":"https:\/\/api.w.org\/{rel}","templated":true}]}}